{"id":1541,"date":"2020-06-26T08:46:27","date_gmt":"2020-06-26T08:46:27","guid":{"rendered":"https:\/\/salaaltadiagonal.com\/politica-de-cookies\/"},"modified":"2022-09-02T11:56:21","modified_gmt":"2022-09-02T09:56:21","slug":"politica-de-cookies","status":"publish","type":"page","link":"https:\/\/salaaltadiagonal.com\/ca\/politica-de-cookies\/","title":{"rendered":"Pol\u00edtica de Cookies"},"content":{"rendered":"<div class=\"wpb-content-wrapper\"><p>[vc_row][vc_column][vc_column_text]<\/p>\n<h1 style=\"text-align: center;\"><strong>Pol\u00edtica de Cookies<\/strong><\/h1>\n<p>[\/vc_column_text][vc_column_text]<\/p>\n<h3>Informaci\u00f3 sobre cookies<\/h3>\n<p>A causa de l\u2019entrada en vigor de la modificaci\u00f3 de la \u201cLlei de Serveis de la Societat de la Informaci\u00f3\u201d (LSSICE) establerta pel Reial Decret 13\/2012, \u00e9s d\u2019 obligaci\u00f3 obtenir el consentiment expr\u00e9s de l\u2019usuari de totes les p\u00e0gines web que fan servir cookies prescindibles, abans que aquest navegui per elles.<\/p>\n<h3>Qu\u00e8 s\u00f3n les cookies?<\/h3>\n<p>Les cookies i altres tecnologies similars com ara local shared objects, s\u00f3n eines emprades pels servidors web per a emmagatzemar i recuperar informaci\u00f3 sobre els seus visitants, aix\u00ed com per oferir un correcte funcionament del lloc.<\/p>\n<p>Mitjan\u00e7ant l\u2019\u00fas d\u2019aquests dispositius es permet al servidor web recordar algunes dades referents a l\u2019 usuari, com les seves prefer\u00e8ncies per a la visualitzaci\u00f3 de les p\u00e0gines d\u2019aquest servidor, nom i contrasenya, productes que m\u00e9s li interessen, etc.<\/p>\n<h3>Desactivaci\u00f3 de cookies<\/h3>\n<p>Vost\u00e8 pot desactivar l\u2019\u00fas de cookies en qualsevol moment mitjan\u00e7ant la modificaci\u00f3 dels par\u00e0metres de configuraci\u00f3 del seu navegador:<\/p>\n<p>Per la configuraci\u00f3 de cookies de <a href=\"https:\/\/support.microsoft.com\/en-us\/help\/17442\/windows-internet-explorer-delete-manage-cookies\" target=\"_blank\" rel=\"noopener\">Internet Explorer<\/a><\/p>\n<p>Per la configuraci\u00f3 de cookies de <a href=\"https:\/\/support.mozilla.org\/es\/kb\/habilitar-y-deshabilitar-cookies-sitios-web-rastrear-preferencias?redirectlocale=es&amp;redirectslug=habilitar-y-deshabilitar-cookies-que-los-sitios-we\" target=\"_blank\" rel=\"noopener\">Firefox<\/a><\/p>\n<p>Per la configuraci\u00f3 de cookies de <a href=\"https:\/\/support.google.com\/chrome\/answer\/95647?co=GENIE.Platform%3DDesktop&amp;hl=es-419\" target=\"_blank\" rel=\"noopener\">Google Chrome<\/a><\/p>\n<p>Per la configuraci\u00f3 de cookies de <a href=\"https:\/\/support.apple.com\/es-es\/guide\/safari\/sfri11471\/mac\" target=\"_blank\" rel=\"noopener\">Safari<\/a><\/p>\n<p>Respecte a les cookies de tercers, no podem fer-nos responsables del contingut i la veracitat de les pol\u00edtiques de privacitat que ells inclouen, per tant la informaci\u00f3 que n\u2019oferim \u00e9s sempre en refer\u00e8ncia a la font.<\/p>\n<p>A continuaci\u00f3 l\u2019informem detalladament de les cookies que poden instal\u00b7lar-se des del nostre lloc web:<\/p>\n<table class=\"table\">\n<tbody>\n<tr>\n<th>Nom<\/th>\n<th>Categoria<\/th>\n<th>Descripci\u00f3<\/th>\n<th>Propietat<\/th>\n<th>Durada<\/th>\n<\/tr>\n<tr>\n<td>wp-wpml_current_language<\/td>\n<td>Funcional<\/td>\n<td>Desa la configuraci\u00f3 de l\u2019idioma<\/td>\n<td>Tercers<\/td>\n<td>1 dia<\/td>\n<\/tr>\n<tr>\n<td>wp-wpml_current_admin_language<\/td>\n<td>Funcional<\/td>\n<td>Determina l\u2019idioma en el que es mostra el contingut de la p\u00e0gina<\/td>\n<td>Tercers<\/td>\n<td>La durada de la sessi\u00f3<\/td>\n<\/tr>\n<tr>\n<td>wordpress_logged_in<\/td>\n<td>Funcional<\/td>\n<td>S\u2019activa durant el login i desa els detalls d\u2019autenticaci\u00f3<\/td>\n<td>Pr\u00f2pia<\/td>\n<td>1 any<\/td>\n<\/tr>\n<tr>\n<td>wordpress_sec<\/td>\n<td>Funcional<\/td>\n<td>Cookie usada per WordPress per mantenir la sessi\u00f3 oberta per un usuari registrat<\/td>\n<td>Tercers<\/td>\n<td>La durada de la sessi\u00f3<\/td>\n<\/tr>\n<tr>\n<td>_wcml_dashboard_currency<\/td>\n<td>An\u00e0lisi<\/td>\n<td>Cookie usada per determinar la moneda usada en aquest lloc web<\/td>\n<td>Tercers<\/td>\n<td>La durada de la sessi\u00f3<\/td>\n<\/tr>\n<\/tbody>\n<\/table>\n<p>[\/vc_column_text][\/vc_column][\/vc_row]<\/p>\n<\/div>","protected":false},"excerpt":{"rendered":"<p>[vc_row][vc_column][vc_column_text] Pol\u00edtica de Cookies [\/vc_column_text][vc_column_text] Informaci\u00f3 sobre cookies A causa de l\u2019entrada en vigor de la modificaci\u00f3 de la \u201cLlei de Serveis de la Societat de la Informaci\u00f3\u201d (LSSICE) establerta pel Reial Decret 13\/2012, \u00e9s d\u2019 obligaci\u00f3 obtenir el consentiment expr\u00e9s de l\u2019usuari de totes les p\u00e0gines web que fan servir cookies prescindibles, abans que [&hellip;]<\/p>\n","protected":false},"author":1,"featured_media":0,"parent":0,"menu_order":0,"comment_status":"closed","ping_status":"closed","template":"templates\/template-button.php","meta":{"inline_featured_image":false,"footnotes":""},"class_list":["post-1541","page","type-page","status-publish","hentry"],"_links":{"self":[{"href":"https:\/\/salaaltadiagonal.com\/ca\/wp-json\/wp\/v2\/pages\/1541","targetHints":{"allow":["GET"]}}],"collection":[{"href":"https:\/\/salaaltadiagonal.com\/ca\/wp-json\/wp\/v2\/pages"}],"about":[{"href":"https:\/\/salaaltadiagonal.com\/ca\/wp-json\/wp\/v2\/types\/page"}],"author":[{"embeddable":true,"href":"https:\/\/salaaltadiagonal.com\/ca\/wp-json\/wp\/v2\/users\/1"}],"replies":[{"embeddable":true,"href":"https:\/\/salaaltadiagonal.com\/ca\/wp-json\/wp\/v2\/comments?post=1541"}],"version-history":[{"count":0,"href":"https:\/\/salaaltadiagonal.com\/ca\/wp-json\/wp\/v2\/pages\/1541\/revisions"}],"wp:attachment":[{"href":"https:\/\/salaaltadiagonal.com\/ca\/wp-json\/wp\/v2\/media?parent=1541"}],"curies":[{"name":"wp","href":"https:\/\/api.w.org\/{rel}","templated":true}]}}